{"id":44,"date":"2020-09-30T13:00:59","date_gmt":"2020-09-30T13:00:59","guid":{"rendered":"http:\/\/mywaycentar.hr\/?page_id=44"},"modified":"2020-09-30T13:00:59","modified_gmt":"2020-09-30T13:00:59","slug":"o-sebi","status":"publish","type":"page","link":"https:\/\/mywaycentar.hr\/index.php\/o-sebi\/","title":{"rendered":"O sebi"},"content":{"rendered":"\n<p><strong>Kratka biografija<\/strong><\/p>\n\n\n\n<p>Damir Dragi\u010devi\u0107 ro\u0111. 1959. u Zagrebu, osnovnu \u0161kolu i gimnaziju zavr\u0161io u Splitu, a nakon toga se upisao na studij medicine u Italiji u Bariju. Nakon Barija u Rimu diplomira medicinu na Medicinskom fakultetu Sveu\u010dili\u0161ta \u201cLa Sapienza\u201d. Nakon povratka u Split otvara privatnu lije\u010dni\u010dku ordinaciju, a potom otvara\u00a0MYWAY. Polje interesa i djelovanja mu je psihoterapija i u tom pogledu zavr\u0161ava pripremnu izobrazbu iz grupne analize u Splitu, te zavr\u0161ava poslijediplolmski studij iz psihoterapije \u2013 stru\u010dni i znanstveni smjer u Zagrebu. Posjeduje individualno i grupno psihoterapijsko iskustvo,\u00a0zavr\u0161io je 2. stupanj edukacije iz kognitivo-bihevioralne terapije.\u00a0Uz ovo,\u00a0polja interesa su mu\u00a0NLP (neurolinguisti\u010dko programiranje, te je certificirani NLP Practitioner), hipnoza\u00a0i\u00a0life coaching.<\/p>\n\n\n\n<figure class=\"wp-block-image size-large is-style-default\"><img decoding=\"async\" loading=\"lazy\" width=\"300\" height=\"212\" src=\"http:\/\/mywaycentar.hr\/wp-content\/uploads\/2020\/09\/o-sebi.jpg\" alt=\"\" class=\"wp-image-45\" srcset=\"https:\/\/mywaycentar.hr\/wp-content\/uploads\/2020\/09\/o-sebi.jpg 300w, https:\/\/mywaycentar.hr\/wp-content\/uploads\/2020\/09\/o-sebi-230x163.jpg 230w\" sizes=\"(max-width: 300px) 100vw, 300px\" \/><\/figure>\n\n\n\n<p><strong>Centar za psiholo\u0161ko savjetovanje\u00a0<\/strong>MYWAY<strong>\u00a0Dr. Damir Dragi\u010devi\u0107\u00a0<\/strong><br>Pod Kosom 6, Split Mob.: 091-5191987\u00a0 Tel.: 021-398620<br>(prima po predbilje\u017ebi)<\/p>\n","protected":false},"excerpt":{"rendered":"<p>Kratka biografija Damir Dragi\u010devi\u0107 ro\u0111. 1959. u Zagrebu, osnovnu \u0161kolu i gimnaziju zavr\u0161io u Splitu, a nakon toga se upisao na studij medicine u Italiji u Bariju. Nakon Barija u Rimu diplomira medicinu na Medicinskom fakultetu Sveu\u010dili\u0161ta \u201cLa Sapienza\u201d. Nakon povratka u Split otvara privatnu lije\u010dni\u010dku ordinaciju, a potom otvara\u00a0MYWAY. Polje interesa i djelovanja mu [&hellip;]<\/p>\n","protected":false},"author":1,"featured_media":0,"parent":0,"menu_order":0,"comment_status":"closed","ping_status":"closed","template":"","meta":{"footnotes":""},"_links":{"self":[{"href":"https:\/\/mywaycentar.hr\/index.php\/wp-json\/wp\/v2\/pages\/44"}],"collection":[{"href":"https:\/\/mywaycentar.hr\/index.php\/wp-json\/wp\/v2\/pages"}],"about":[{"href":"https:\/\/mywaycentar.hr\/index.php\/wp-json\/wp\/v2\/types\/page"}],"author":[{"embeddable":true,"href":"https:\/\/mywaycentar.hr\/index.php\/wp-json\/wp\/v2\/users\/1"}],"replies":[{"embeddable":true,"href":"https:\/\/mywaycentar.hr\/index.php\/wp-json\/wp\/v2\/comments?post=44"}],"version-history":[{"count":1,"href":"https:\/\/mywaycentar.hr\/index.php\/wp-json\/wp\/v2\/pages\/44\/revisions"}],"predecessor-version":[{"id":46,"href":"https:\/\/mywaycentar.hr\/index.php\/wp-json\/wp\/v2\/pages\/44\/revisions\/46"}],"wp:attachment":[{"href":"https:\/\/mywaycentar.hr\/index.php\/wp-json\/wp\/v2\/media?parent=44"}],"curies":[{"name":"wp","href":"https:\/\/api.w.org\/{rel}","templated":true}]}}