{"id":42,"date":"2020-09-30T12:58:33","date_gmt":"2020-09-30T12:58:33","guid":{"rendered":"http:\/\/mywaycentar.hr\/?page_id=42"},"modified":"2020-09-30T14:34:01","modified_gmt":"2020-09-30T14:34:01","slug":"depresija","status":"publish","type":"page","link":"https:\/\/mywaycentar.hr\/index.php\/depresija\/","title":{"rendered":"Depresija"},"content":{"rendered":"\n<p>O depresiji \u2013 Dr. Damir Dragi\u010devi\u0107<\/p>\n\n\n\n<p>DEFINICIJA I SIMPTOMI<\/p>\n\n\n\n<p>Depresija je poreme\u0107aj raspolo\u017eenja kojeg karakterizira skup raznih vrsta simptoma: kognitivnih (negativne misli i o\u010dekivanja, ponekad i misli samoubojstva, pad koncentracije, neodlu\u010dnost, mozganje, samokriti\u010dnost, beznadnost), pona\u0161ajnih (manjak aktivnosti, povla\u010denje), tjelesnih (gubitak apetita, ili pretjerani apetit, nesanica) i afektivnih (osje\u0107aji: \u017ealost, krivnja, anksioznost) i motivacijskih (gubitak interesa, tromost, sve je napor, odga\u0111anje) koji svi skupa mogu sniziti manje ili vi\u0161e stupanj raspolo\u017eenja, ugro\u017eavaju\u0107i funkcioniranje pojedinca, odnosno njegovu sposobnost prilagodbe \u017eivotu dru\u0161tva. Depresija nije dakle, kao \u0161to se \u010desto misli, obi\u010dno sni\u017eenje raspolo\u017eenja, ve\u0107 \u010ditav niz simptoma koji lo\u0161e utje\u010du na na\u010din razmi\u0161ljanja osobe o okolini, ali i o samoj sebi.<br>Kad su ljudi depresivni, oni su na rubu suza, \u017ealosni. Progoni ih osje\u0107aj krivnje, jer vjeruju da su na neki na\u010din razo\u010darali druge ljude. Oni mogu postati i razdra\u017eljiviji no ina\u010de, anksiozniji, napetiji.<\/p>\n\n\n\n<p>Kad je depresija na vrhuncu, mogu izgubiti sposobnost emocionalnog reagiranja, pa im se \u010dini da su im umrtvljeni i dobri i lo\u0161i osje\u0107aji, te ne mogu u\u017eivati u normalnim aktivnostima, ili biti za njih zainteresirani.<br>Energija im je smanjena, i sve im je te\u0161ko i naporno, pa su stoga skloni odustajanju od stvari s kojima bi se ina\u010de normalno bavili.<br>Doga\u0111a se da provode sate zgrbljeni na stolici, ili le\u017ee\u0107i na krevetu. Mogu biti poreme\u0107ene \u010dak i osnovne tjelesne funkcije, pa slabo spavaju, nemaju teka, izgubili su spolnu \u017eelju.<\/p>\n\n\n\n<p>Najopasnije je \u0161to im se tijekom vremena \u010dini da sve to ne\u0107e nikad prestati i da se ni\u0161ta ne mo\u017ee u\u010diniti kako bi se stvari pobolj\u0161ale. I tako raste beznadnost, koja mo\u017ee dovesti i do \u010de\u017enje za smr\u0107u i misli o samoubojstvu.<br><br><a href=\"http:\/\/mywaycentar.hr\/wp-content\/uploads\/2020\/09\/Depresija.pdf\" target=\"_blank\" rel=\"noreferrer noopener\">Pro\u010ditaj vi\u0161e u PDF formatu&#8230;<\/a><\/p>\n","protected":false},"excerpt":{"rendered":"<p>O depresiji \u2013 Dr. Damir Dragi\u010devi\u0107 DEFINICIJA I SIMPTOMI Depresija je poreme\u0107aj raspolo\u017eenja kojeg karakterizira skup raznih vrsta simptoma: kognitivnih (negativne misli i o\u010dekivanja, ponekad i misli samoubojstva, pad koncentracije, neodlu\u010dnost, mozganje, samokriti\u010dnost, beznadnost), pona\u0161ajnih (manjak aktivnosti, povla\u010denje), tjelesnih (gubitak apetita, ili pretjerani apetit, nesanica) i afektivnih (osje\u0107aji: \u017ealost, krivnja, anksioznost) i motivacijskih (gubitak interesa, [&hellip;]<\/p>\n","protected":false},"author":1,"featured_media":0,"parent":0,"menu_order":0,"comment_status":"closed","ping_status":"closed","template":"","meta":{"footnotes":""},"_links":{"self":[{"href":"https:\/\/mywaycentar.hr\/index.php\/wp-json\/wp\/v2\/pages\/42"}],"collection":[{"href":"https:\/\/mywaycentar.hr\/index.php\/wp-json\/wp\/v2\/pages"}],"about":[{"href":"https:\/\/mywaycentar.hr\/index.php\/wp-json\/wp\/v2\/types\/page"}],"author":[{"embeddable":true,"href":"https:\/\/mywaycentar.hr\/index.php\/wp-json\/wp\/v2\/users\/1"}],"replies":[{"embeddable":true,"href":"https:\/\/mywaycentar.hr\/index.php\/wp-json\/wp\/v2\/comments?post=42"}],"version-history":[{"count":3,"href":"https:\/\/mywaycentar.hr\/index.php\/wp-json\/wp\/v2\/pages\/42\/revisions"}],"predecessor-version":[{"id":69,"href":"https:\/\/mywaycentar.hr\/index.php\/wp-json\/wp\/v2\/pages\/42\/revisions\/69"}],"wp:attachment":[{"href":"https:\/\/mywaycentar.hr\/index.php\/wp-json\/wp\/v2\/media?parent=42"}],"curies":[{"name":"wp","href":"https:\/\/api.w.org\/{rel}","templated":true}]}}