{"id":39,"date":"2020-09-30T12:57:01","date_gmt":"2020-09-30T12:57:01","guid":{"rendered":"http:\/\/mywaycentar.hr\/?page_id=39"},"modified":"2020-11-19T10:57:18","modified_gmt":"2020-11-19T10:57:18","slug":"kontakt","status":"publish","type":"page","link":"https:\/\/mywaycentar.hr\/index.php\/kontakt\/","title":{"rendered":"Kontakt"},"content":{"rendered":"\n<p><strong>Adresa:<\/strong><br>Centar za psiholo\u0161ko savjetovanje&nbsp;MY<strong>WAY<\/strong><br>Pod Kosom 6, 21000 SPLIT<\/p>\n\n\n<span id=\"wow-skype-button-1\" class=\"wow-skype-buttons-wrapper wow-skype-buttons-theme-logo wow-skype-buttons-size-22\"> <span class=\"wow-skype-buttons-status-skype\"> <span class=\"wow-skype-buttons-icon\"><\/span>Skype <span class=\"wow-skype-buttons-arrow btn-down\">&#x25be;<\/span> <span class=\"wow-skype-buttons-arrow btn-up arrow-hidden\">&#x25B4;<\/span> <\/span> <span class=\"wow-skype-buttons-container skype-hidden\"> <a href=\"skype:?chat\" class=\"wow-skype-buttons-cmd-chat\"> Chat <\/a> <a href=\"skype:?call\" class=\"wow-skype-buttons-cmd-call\"> Call <\/a> <\/span> <\/span>\n\n\n\n<hr class=\"wp-block-separator\"\/>\n\n\n\n<iframe loading=\"lazy\" src=\"https:\/\/www.google.com\/maps\/embed?pb=!1m18!1m12!1m3!1d2893.797083054085!2d16.426171307558395!3d43.50656847355127!2m3!1f0!2f0!3f0!3m2!1i1024!2i768!4f13.1!3m3!1m2!1s0x1335675822a93e3f%3A0x9a1873ff45dfd4c5!2sUl.%20pod%20Kosom%206%2C%2021000%2C%20Split!5e0!3m2!1sen!2shr!4v1601496974162!5m2!1sen!2shr\" width=\"600\" height=\"450\" frameborder=\"0\" style=\"border:0;\" allowfullscreen=\"\" aria-hidden=\"false\" tabindex=\"0\"><\/iframe>\n\n\n\n<p><\/p>\n\n\n\n<p><strong>Mob.:<\/strong>&nbsp;+385 (0)91 519-1987<br><strong>Tel.:<\/strong>&nbsp;+385 (0)21 398-620<br><strong>E-mail:<\/strong> mywaycentar@gmail.com<\/p>\n\n\n\n<p><strong>Kontakt osoba:<\/strong>&nbsp;DAMIR DRAGI\u010cEVI\u0106, DR. MED.<\/p>\n\n\n\n<p><strong><em>Mo\u017eete poslati poruku putem forme dole:<\/em><\/strong><\/p>\n\n\n\n<div class=\"wpcf7 no-js\" id=\"wpcf7-f5-o1\" lang=\"en-US\" dir=\"ltr\">\n<div class=\"screen-reader-response\"><p role=\"status\" aria-live=\"polite\" aria-atomic=\"true\"><\/p> <ul><\/ul><\/div>\n<form action=\"\/index.php\/wp-json\/wp\/v2\/pages\/39#wpcf7-f5-o1\" method=\"post\" class=\"wpcf7-form init\" aria-label=\"Contact form\" novalidate=\"novalidate\" data-status=\"init\">\n<div style=\"display: none;\">\n<input type=\"hidden\" name=\"_wpcf7\" value=\"5\" \/>\n<input type=\"hidden\" name=\"_wpcf7_version\" value=\"5.8.2\" \/>\n<input type=\"hidden\" name=\"_wpcf7_locale\" value=\"en_US\" \/>\n<input type=\"hidden\" name=\"_wpcf7_unit_tag\" value=\"wpcf7-f5-o1\" \/>\n<input type=\"hidden\" name=\"_wpcf7_container_post\" value=\"0\" \/>\n<input type=\"hidden\" name=\"_wpcf7_posted_data_hash\" value=\"\" \/>\n<\/div>\n<p><label> Va\u0161e ime (potrebno)<br \/>\n<span class=\"wpcf7-form-control-wrap\" data-name=\"your-name\"><input size=\"40\" class=\"wpcf7-form-control wpcf7-text wpcf7-validates-as-required\" aria-required=\"true\" aria-invalid=\"false\" value=\"\" type=\"text\" name=\"your-name\" \/><\/span> <\/label>\n<\/p>\n<p><label> Va\u0161 e-mail (potrebno)<br \/>\n<span class=\"wpcf7-form-control-wrap\" data-name=\"your-email\"><input size=\"40\" class=\"wpcf7-form-control wpcf7-email wpcf7-validates-as-required wpcf7-text wpcf7-validates-as-email\" aria-required=\"true\" aria-invalid=\"false\" value=\"\" type=\"email\" name=\"your-email\" \/><\/span> <\/label>\n<\/p>\n<p><label> Naslov<br \/>\n<span class=\"wpcf7-form-control-wrap\" data-name=\"your-subject\"><input size=\"40\" class=\"wpcf7-form-control wpcf7-text\" aria-invalid=\"false\" value=\"\" type=\"text\" name=\"your-subject\" \/><\/span> <\/label>\n<\/p>\n<p><label> Poruka<br \/>\n<span class=\"wpcf7-form-control-wrap\" data-name=\"your-message\"><textarea cols=\"40\" rows=\"10\" class=\"wpcf7-form-control wpcf7-textarea\" aria-invalid=\"false\" name=\"your-message\"><\/textarea><\/span> <\/label>\n<\/p>\n<p><input class=\"wpcf7-form-control wpcf7-submit has-spinner\" type=\"submit\" value=\"Po\u0161alji\" \/>\n<\/p><div class=\"wpcf7-response-output\" aria-hidden=\"true\"><\/div>\n<\/form>\n<\/div>\n\n","protected":false},"excerpt":{"rendered":"<p>Adresa:Centar za psiholo\u0161ko savjetovanje&nbsp;MYWAYPod Kosom 6, 21000 SPLIT Mob.:&nbsp;+385 (0)91 519-1987Tel.:&nbsp;+385 (0)21 398-620E-mail: mywaycentar@gmail.com Kontakt osoba:&nbsp;DAMIR DRAGI\u010cEVI\u0106, DR. MED. Mo\u017eete poslati poruku putem forme dole:<\/p>\n","protected":false},"author":1,"featured_media":0,"parent":0,"menu_order":0,"comment_status":"closed","ping_status":"closed","template":"","meta":{"footnotes":""},"_links":{"self":[{"href":"https:\/\/mywaycentar.hr\/index.php\/wp-json\/wp\/v2\/pages\/39"}],"collection":[{"href":"https:\/\/mywaycentar.hr\/index.php\/wp-json\/wp\/v2\/pages"}],"about":[{"href":"https:\/\/mywaycentar.hr\/index.php\/wp-json\/wp\/v2\/types\/page"}],"author":[{"embeddable":true,"href":"https:\/\/mywaycentar.hr\/index.php\/wp-json\/wp\/v2\/users\/1"}],"replies":[{"embeddable":true,"href":"https:\/\/mywaycentar.hr\/index.php\/wp-json\/wp\/v2\/comments?post=39"}],"version-history":[{"count":13,"href":"https:\/\/mywaycentar.hr\/index.php\/wp-json\/wp\/v2\/pages\/39\/revisions"}],"predecessor-version":[{"id":89,"href":"https:\/\/mywaycentar.hr\/index.php\/wp-json\/wp\/v2\/pages\/39\/revisions\/89"}],"wp:attachment":[{"href":"https:\/\/mywaycentar.hr\/index.php\/wp-json\/wp\/v2\/media?parent=39"}],"curies":[{"name":"wp","href":"https:\/\/api.w.org\/{rel}","templated":true}]}}