{"id":37,"date":"2020-09-30T12:55:32","date_gmt":"2020-09-30T12:55:32","guid":{"rendered":"http:\/\/mywaycentar.hr\/?page_id=37"},"modified":"2020-09-30T14:35:15","modified_gmt":"2020-09-30T14:35:15","slug":"panika","status":"publish","type":"page","link":"https:\/\/mywaycentar.hr\/index.php\/panika\/","title":{"rendered":"Panika"},"content":{"rendered":"\n<p><strong>Pani\u010dni poreme\u0107aj \u2013 Dr. Damir Dragi\u0107evi\u0107<\/strong><\/p>\n\n\n\n<p><strong>Definicija pani\u010dnog poreme\u0107aja<\/strong><\/p>\n\n\n\n<p>Pani\u010dni poreme\u0107aj je psihi\u010dki poreme\u0107aj iz skupine poreme\u0107aja anksioznosti kojeg karakteriziraju periodi\u010dni i iznenadni pani\u010dni napadi. Radi se o napadima naglog, intenzivnog straha od nesavladivog zla koji se iznenadno pojavljuje u raznim okolnostima i ne mo\u017ee ih se kontrolirati.<\/p>\n\n\n\n<p><strong>Etiopatogeneza (uzroci i mehanizam nastanka) i psihodinamika pani\u010dnog napada\/poreme\u0107aja<\/strong><\/p>\n\n\n\n<p>To\u010dni uzroci pani\u010dnog poreme\u0107aja su jo\u0161 uvijek u fazi istra\u017eivanja. Op\u0107enito se me\u0111utim smatra da uzroci panike le\u017ee u zami\u0161ljenim opasnostima ili u masovnom precjenjivanju opasnosti. Prava, realna opasnost rijetko je uzrok panike. \u201cOkida\u010d\u201d ili povod za paniku mo\u017ee biti neka tjelesna bolest, ozbiljan stres, ili neki lijekovi. Neke osobe koje su sklone preuzeti na sebe previ\u0161e odgovornosti mogu razviti tendenciju patnje od pani\u010dnih napada. Tako\u0111er i hipoglikemija (manjak \u0161e\u0107era u krvi) mo\u017ee izazvati napad panike. U toj situaciji inzulinski receptori ne odgovaraju na prikladan na\u010din inzulinu, interferiraju\u0107i sa transportom glukoze kroz stani\u010dnu membranu.<\/p>\n\n\n\n<p>Mozak ovisi o stalnoj podr\u0161ci glukoze, njegovog jedinog izvora energije. Kad se dogodi nagli pad \u0161e\u0107era u krvi, mozak \u0161alje hormonski signal adrenergi\u010dkim \u017elijezdama za proizvodnju adrenalina. Adrenalin podi\u017ee razinu \u0161e\u0107era u krvi pretvaraju\u0107i glikogen u glukozu, i zato prevenira manjak energije u mozgu. No adrenalin je i hormon panike koji je odgovoran za napade panike.<\/p>\n\n\n\n<p>Neke teorije pripisuju ovaj poreme\u0107aj slaboj samostalnosti Ega, dakle u odre\u0111enom smislu, njegovoj slabosti. Takav ovisan Ego dovodi do toga da osoba sklona pani\u010dnim napadima ima odsutnost svake namjere \u0161to istu tu osobu prisiljava na ovisnost o drugima.<br><br><a href=\"http:\/\/mywaycentar.hr\/wp-content\/uploads\/2020\/09\/Panicni-poremecaj.pdf\" target=\"_blank\" rel=\"noreferrer noopener\">Pro\u010ditaj vi\u0161e u PDF formatu&#8230;<\/a><\/p>\n","protected":false},"excerpt":{"rendered":"<p>Pani\u010dni poreme\u0107aj \u2013 Dr. Damir Dragi\u0107evi\u0107 Definicija pani\u010dnog poreme\u0107aja Pani\u010dni poreme\u0107aj je psihi\u010dki poreme\u0107aj iz skupine poreme\u0107aja anksioznosti kojeg karakteriziraju periodi\u010dni i iznenadni pani\u010dni napadi. Radi se o napadima naglog, intenzivnog straha od nesavladivog zla koji se iznenadno pojavljuje u raznim okolnostima i ne mo\u017ee ih se kontrolirati. Etiopatogeneza (uzroci i mehanizam nastanka) i psihodinamika [&hellip;]<\/p>\n","protected":false},"author":1,"featured_media":0,"parent":0,"menu_order":0,"comment_status":"closed","ping_status":"closed","template":"","meta":{"footnotes":""},"_links":{"self":[{"href":"https:\/\/mywaycentar.hr\/index.php\/wp-json\/wp\/v2\/pages\/37"}],"collection":[{"href":"https:\/\/mywaycentar.hr\/index.php\/wp-json\/wp\/v2\/pages"}],"about":[{"href":"https:\/\/mywaycentar.hr\/index.php\/wp-json\/wp\/v2\/types\/page"}],"author":[{"embeddable":true,"href":"https:\/\/mywaycentar.hr\/index.php\/wp-json\/wp\/v2\/users\/1"}],"replies":[{"embeddable":true,"href":"https:\/\/mywaycentar.hr\/index.php\/wp-json\/wp\/v2\/comments?post=37"}],"version-history":[{"count":2,"href":"https:\/\/mywaycentar.hr\/index.php\/wp-json\/wp\/v2\/pages\/37\/revisions"}],"predecessor-version":[{"id":71,"href":"https:\/\/mywaycentar.hr\/index.php\/wp-json\/wp\/v2\/pages\/37\/revisions\/71"}],"wp:attachment":[{"href":"https:\/\/mywaycentar.hr\/index.php\/wp-json\/wp\/v2\/media?parent=37"}],"curies":[{"name":"wp","href":"https:\/\/api.w.org\/{rel}","templated":true}]}}