{"id":28,"date":"2020-09-30T12:38:57","date_gmt":"2020-09-30T12:38:57","guid":{"rendered":"http:\/\/mywaycentar.hr\/?page_id=28"},"modified":"2020-09-30T14:35:57","modified_gmt":"2020-09-30T14:35:57","slug":"psihoterapija","status":"publish","type":"page","link":"https:\/\/mywaycentar.hr\/index.php\/psihoterapija\/","title":{"rendered":"Psihoterapija"},"content":{"rendered":"\n<p>Rije\u010d \u201cpsihoterapija\u201d potje\u010de od gr\u010dkih rije\u010di \u201c\u03c8\u03c5\u03c7\u03ae\u201d = \u201c<em>psykh\u0113<\/em>\u201d (du\u0161a, \u017eivotni dah) i \u201c\u03b8\u03b5\u03c1\u03b1\u03c0\u03b5\u03af\u03b1\u201d = \u201ctherapeia\u201d (skrb, briga, lije\u010denje) \u2013 etimolo\u0161ki \u201cskrb o du\u0161i\u201d. Iako bi bilo dobro ra\u0161\u010dlaniti razliku du\u0161e i duha, do danas se ova dva naziva \u010desto me\u0111usobno isprepli\u0107u i nemamo jasnu definiciju ni duha ni du\u0161e.<\/p>\n\n\n\n<p>Ipak za mnoge osobe i na \u017ealost, tako\u0111er za razne psihoterapeute i njihove \u0161kole govoriti o \u201cpsihoterapiji\u201d zna\u010di govoriti o \u201clije\u010denju psihi\u010dke bolesti\u201d. Kao rezultat toga, o psihoterapiji prevladava mi\u0161ljenje da se radi o procesu u kojem je pojedinac \u201cbolesnik\u201d, a terapeut ga \u201clije\u010di\u201d. No to nije ba\u0161 sasvim tako. Mogli bi kazati da se trenira iskreno verbalno izra\u017eavanje osje\u0107aja i povezanih misli osobe, a terapeut je tu da razumije \u0161to se u njoj stvarno osje\u0107ajno zbiva, dakle najprije da ju \u010duje. Potom da dodatnim pitanjima poku\u0161a pro\u0161iriti, po mogu\u0107nosti produbiti \u0161to mu osoba zapravo \u017eeli re\u0107i. Za sve to je potrebno i uspostavljanje vi\u0161e dobrog nego lo\u0161eg me\u0111usobnog radnog saveza.<\/p>\n\n\n\n<p>Mogli bi opisno re\u0107i da je psihoterapija jedna vrsta \u010dovjekovog unutarnjeg putovanja na koje mogu krenuti, poduzeti ga osobe kojima je cilj osje\u0107ati se bolje. To je poput \u201cpode\u0161avanja\u201d sustava du\u0161a-tijelo u cilju pobolj\u0161anja ponekog vida svakodnevnog \u017eivota, kako unutarnjeg, tako i ravnote\u017ee tijela i onog nevidljivog o \u010demu pri\u010damo.<\/p>\n\n\n\n<p>Radi se o praksi i znanosti koja prou\u010dava nevidljive i vidljivije procese, svjesne, predsvjesne i nesvjesne, (u polju nevidljivog), te u polju vidljivog, kognitivne (percepcija, pa\u017enja, pam\u0107enje, jezik, izre\u010dena misao itd.). U dinamske spadaju emocije, motivacije, osobnost itd. koje posjeduju svoju nesvjesnu komponentu.<\/p>\n\n\n\n<p><a href=\"http:\/\/mywaycentar.hr\/wp-content\/uploads\/2020\/09\/Psihoterapija.pdf\" target=\"_blank\" rel=\"noreferrer noopener\">Pro\u010ditaj vi\u0161e u PDF formatu&#8230;<\/a><\/p>\n","protected":false},"excerpt":{"rendered":"<p>Rije\u010d \u201cpsihoterapija\u201d potje\u010de od gr\u010dkih rije\u010di \u201c\u03c8\u03c5\u03c7\u03ae\u201d = \u201cpsykh\u0113\u201d (du\u0161a, \u017eivotni dah) i \u201c\u03b8\u03b5\u03c1\u03b1\u03c0\u03b5\u03af\u03b1\u201d = \u201ctherapeia\u201d (skrb, briga, lije\u010denje) \u2013 etimolo\u0161ki \u201cskrb o du\u0161i\u201d. Iako bi bilo dobro ra\u0161\u010dlaniti razliku du\u0161e i duha, do danas se ova dva naziva \u010desto me\u0111usobno isprepli\u0107u i nemamo jasnu definiciju ni duha ni du\u0161e. Ipak za mnoge osobe i [&hellip;]<\/p>\n","protected":false},"author":1,"featured_media":0,"parent":0,"menu_order":0,"comment_status":"closed","ping_status":"closed","template":"","meta":{"footnotes":""},"_links":{"self":[{"href":"https:\/\/mywaycentar.hr\/index.php\/wp-json\/wp\/v2\/pages\/28"}],"collection":[{"href":"https:\/\/mywaycentar.hr\/index.php\/wp-json\/wp\/v2\/pages"}],"about":[{"href":"https:\/\/mywaycentar.hr\/index.php\/wp-json\/wp\/v2\/types\/page"}],"author":[{"embeddable":true,"href":"https:\/\/mywaycentar.hr\/index.php\/wp-json\/wp\/v2\/users\/1"}],"replies":[{"embeddable":true,"href":"https:\/\/mywaycentar.hr\/index.php\/wp-json\/wp\/v2\/comments?post=28"}],"version-history":[{"count":2,"href":"https:\/\/mywaycentar.hr\/index.php\/wp-json\/wp\/v2\/pages\/28\/revisions"}],"predecessor-version":[{"id":72,"href":"https:\/\/mywaycentar.hr\/index.php\/wp-json\/wp\/v2\/pages\/28\/revisions\/72"}],"wp:attachment":[{"href":"https:\/\/mywaycentar.hr\/index.php\/wp-json\/wp\/v2\/media?parent=28"}],"curies":[{"name":"wp","href":"https:\/\/api.w.org\/{rel}","templated":true}]}}