{"id":26,"date":"2020-09-30T12:37:41","date_gmt":"2020-09-30T12:37:41","guid":{"rendered":"http:\/\/mywaycentar.hr\/?page_id=26"},"modified":"2020-09-30T14:37:11","modified_gmt":"2020-09-30T14:37:11","slug":"veze","status":"publish","type":"page","link":"https:\/\/mywaycentar.hr\/index.php\/veze\/","title":{"rendered":"Veze"},"content":{"rendered":"\n<p><strong>Centar za razvoj odnosa i veza \u2013 Dr. Damir Dragi\u010devi\u0107<\/strong><\/p>\n\n\n\n<p><strong>Koliko su va\u017eni odnosi i veze?<\/strong><\/p>\n\n\n\n<p>Znamo da je osoba individualno i dru\u0161tveno bi\u0107e. Dakle, ona bi trebala imati uskla\u0111ene obje ove komponente.<\/p>\n\n\n\n<p>Spomenuli smo da svaki dobar odnos unutar samog sebe, ima ve\u0107u mogu\u0107nost dono\u0161enja boljih, zatim i iskustvo osje\u0107ajno popunjenijih vanjskih veza, nadahnu\u0107a, osje\u0107aj radosnijeg zajedni\u0161tva, istinskog zadovoljstva i va\u017enosti za \u017eivot, tako da je najve\u0107a vrijednost odnosa istinski osje\u0107aj ukupnog blagostanja.<\/p>\n\n\n\n<p>Razvoj me\u0111uljudskih odnosa i veza se bavi pomo\u0107i u razvoju, po mogu\u0107nosti izgra\u0111ivanju, ve\u0107 postoje\u0107ih odnosa i veza, a mo\u017ee pru\u017eiti i stru\u010dnu pomo\u0107 oko dilema pri pronala\u017eenju i odabiru&nbsp;novih. Naime, u dana\u0161njem dru\u0161tvu, op\u0107enito gledaju\u0107i, dru\u0161tveni odnosi i veze su realno ugro\u017eeni od cijelog niza \u010dimbenika. Kroni\u010dna nesta\u0161ica novca, ogromne globalne financijske oscilacije, stalna trka za poslom i za napredovanjem u njemu kako se ne bi ugrozilo radno mjesto od strane drugoga (pre agresivni natjecateljski odnosi koji uni\u0161tavaju ono \u0161to je najve\u0107a pojedina\u010dna i dru\u0161tvena vrijednost: osje\u0107aj normalne smirenosti, pomalo radosti, humora, sve ono \u0161to pridonosi boljim me\u0111uljudskim odnosima, a i u\u010dinkovito\u0161\u0107u rada).<\/p>\n\n\n\n<p>Svi primje\u0107ujemo da bi toga bilo dobro puno vi\u0161e. Me\u0111utim, ne ovisi sve o drugima. Da bi osoba stekla uvid u svoj nesvjesni, krivo nau\u010deni i \u201dusa\u0111eni\u201d vlastiti mentalni svijet, koji jo\u0161 i mo\u017ee potaknuti spomenuto, a kojeg uop\u0107e ne mora prepoznavati i vjeruje da je s njim sve u redu, a ipak dobiva signale iz unutarnje i\/ili vanjske okoline da ne\u0161to nije u redu, korisno je ipak se obratiti profesionalcu.<\/p>\n\n\n\n<p>Sve \u010de\u0161\u0107a promjena mu\u0161ko-\u017eenskih uloga, sve ve\u0107a krhkost, razdra\u017eljivost, tuga, agresija, i drugo kod mnogih brakova, mnoga djeca koja to sve gledaju i to pro\u017eivljavaju svak na svoj na\u010din i pona\u0161aju se onako kako roditelji \u201cni u snu\u201d ne bi o\u010dekivali.<br><br><a href=\"http:\/\/mywaycentar.hr\/wp-content\/uploads\/2020\/09\/Veze.pdf\" target=\"_blank\" rel=\"noreferrer noopener\">Pro\u010ditaj vi\u0161e u PDF formatu&#8230;<\/a><\/p>\n","protected":false},"excerpt":{"rendered":"<p>Centar za razvoj odnosa i veza \u2013 Dr. Damir Dragi\u010devi\u0107 Koliko su va\u017eni odnosi i veze? Znamo da je osoba individualno i dru\u0161tveno bi\u0107e. Dakle, ona bi trebala imati uskla\u0111ene obje ove komponente. Spomenuli smo da svaki dobar odnos unutar samog sebe, ima ve\u0107u mogu\u0107nost dono\u0161enja boljih, zatim i iskustvo osje\u0107ajno popunjenijih vanjskih veza, nadahnu\u0107a, [&hellip;]<\/p>\n","protected":false},"author":1,"featured_media":0,"parent":0,"menu_order":0,"comment_status":"closed","ping_status":"closed","template":"","meta":{"footnotes":""},"_links":{"self":[{"href":"https:\/\/mywaycentar.hr\/index.php\/wp-json\/wp\/v2\/pages\/26"}],"collection":[{"href":"https:\/\/mywaycentar.hr\/index.php\/wp-json\/wp\/v2\/pages"}],"about":[{"href":"https:\/\/mywaycentar.hr\/index.php\/wp-json\/wp\/v2\/types\/page"}],"author":[{"embeddable":true,"href":"https:\/\/mywaycentar.hr\/index.php\/wp-json\/wp\/v2\/users\/1"}],"replies":[{"embeddable":true,"href":"https:\/\/mywaycentar.hr\/index.php\/wp-json\/wp\/v2\/comments?post=26"}],"version-history":[{"count":2,"href":"https:\/\/mywaycentar.hr\/index.php\/wp-json\/wp\/v2\/pages\/26\/revisions"}],"predecessor-version":[{"id":73,"href":"https:\/\/mywaycentar.hr\/index.php\/wp-json\/wp\/v2\/pages\/26\/revisions\/73"}],"wp:attachment":[{"href":"https:\/\/mywaycentar.hr\/index.php\/wp-json\/wp\/v2\/media?parent=26"}],"curies":[{"name":"wp","href":"https:\/\/api.w.org\/{rel}","templated":true}]}}