{"id":23,"date":"2020-09-30T12:36:08","date_gmt":"2020-09-30T12:36:08","guid":{"rendered":"http:\/\/mywaycentar.hr\/?page_id=23"},"modified":"2020-09-30T14:31:34","modified_gmt":"2020-09-30T14:31:34","slug":"pocetna","status":"publish","type":"page","link":"https:\/\/mywaycentar.hr\/","title":{"rendered":"Po\u010detna"},"content":{"rendered":"\n<p><strong>MY<\/strong><strong>WAY<\/strong>&nbsp;<strong>\u2013 IDEJA, ULOGA I ZNA\u010cAJ<\/strong><\/p>\n\n\n\n<p><strong>DOBRODO\u0160LI u MYWAY!<\/strong>&nbsp;Evo nekoliko stajali\u0161ta o tome. Glavna je uloga postupno pobolj\u0161ati na\u0161 osobni \u017eivot. To se doga\u0111a putem prepoznavanja i mogu\u0107eg procesa kvalitetnijih rje\u0161avanja razli\u010ditih \u017eivotnih problema.<\/p>\n\n\n\n<p><strong>ZBOG TOGA RADIMO NA PSIHI\u010cKIM POTE\u0160KO\u0106AMA VEZANIH ZA STANJA TJESKOBE, NAPETOSTI, DEPRESIJE, UZNEMIRENOSTI, PANI\u010cNE POREME\u0106AJE, PRISILNE MISLI I RADNJE, TE SIMPTOMA IZ KRUGA POSTTRAUMATSKOG STRESA.<\/strong><\/p>\n\n\n\n<p>Doista, moramo raditi na razli\u010ditim mukotrpnim iskustvima, slo\u017eenim situacijama kao \u0161to su me\u0111uljudske pote\u0161ko\u0107e, raditi na osje\u0107ajnim blokadama, nestabilnostima, obiteljskim problemima i drugim nevoljama. Pre\u0161utno ili ne, oni vas prirodno mogu stimulirati da postanete manje, ili vi\u0161e tvrdoglavi, tjeskobni ili, me\u0111utim, da biste dobili potencijalni pogled na ove potaknute osje\u0107aje. Sva potrebna iskustva i opse\u017eno znanje tradicionalno se koriste kako bi izazvana osoba mogla pravilno stjecati iskustvo za svoju i mogu\u0107u korist okoline.<br>Slijedom toga, MYWAYova najva\u017enija glavna uloga je upravo \u201cprobuditi\u201d odgovaraju\u0107u osobu da neizbje\u017eno pove\u0107ava osobitu va\u017enost zdravlja. Kad individua po\u010dne vidjeti da kod njega, ili kod njegovih bliskih dolazi do neo\u010dekivanih te\u0161ko\u0107a, tada je odluka o mogu\u0107nosti barem vlastitog lije\u010denja najbolje sprje\u010davanje ve\u0107eg zla. Ovaj postupak se posti\u017ee analizom osje\u0107aja, razmi\u0161ljanja, mitova, \u010dak i temeljnih uvjerenja i specifi\u010dnih pona\u0161anja.<\/p>\n\n\n\n<p>Sve to obi\u010dno proizlazi iz procjene sve ve\u0107e ranjivosti sve manje i manje tolerantnih zajednica. Pa\u017eljivo stvaramo privatni izvor stalne podr\u0161ke roditeljima i sveobuhvatnu pomo\u0107 i lije\u010denje svih onih koji \u017eele adekvatno razvijati zdraviji i zreli \u017eivot. Kroz psihoterapijski anga\u017eman, oni bi mogli pa\u017eljivo podesiti svoje unutarnje i vanjske veze i odnose, te ispraviti prakti\u010dne probleme u potencijalnim klju\u010dnim podru\u010djima svoga bi\u0107a.<br><br><a href=\"http:\/\/mywaycentar.hr\/wp-content\/uploads\/2020\/09\/Pocetna.pdf\" target=\"_blank\" rel=\"noreferrer noopener\">Pro\u010ditaj vi\u0161e u PDF formatu&#8230;<\/a><\/p>\n","protected":false},"excerpt":{"rendered":"<p>MYWAY&nbsp;\u2013 IDEJA, ULOGA I ZNA\u010cAJ DOBRODO\u0160LI u MYWAY!&nbsp;Evo nekoliko stajali\u0161ta o tome. Glavna je uloga postupno pobolj\u0161ati na\u0161 osobni \u017eivot. To se doga\u0111a putem prepoznavanja i mogu\u0107eg procesa kvalitetnijih rje\u0161avanja razli\u010ditih \u017eivotnih problema. ZBOG TOGA RADIMO NA PSIHI\u010cKIM POTE\u0160KO\u0106AMA VEZANIH ZA STANJA TJESKOBE, NAPETOSTI, DEPRESIJE, UZNEMIRENOSTI, PANI\u010cNE POREME\u0106AJE, PRISILNE MISLI I RADNJE, TE SIMPTOMA IZ [&hellip;]<\/p>\n","protected":false},"author":1,"featured_media":0,"parent":0,"menu_order":0,"comment_status":"closed","ping_status":"closed","template":"","meta":{"footnotes":""},"_links":{"self":[{"href":"https:\/\/mywaycentar.hr\/index.php\/wp-json\/wp\/v2\/pages\/23"}],"collection":[{"href":"https:\/\/mywaycentar.hr\/index.php\/wp-json\/wp\/v2\/pages"}],"about":[{"href":"https:\/\/mywaycentar.hr\/index.php\/wp-json\/wp\/v2\/types\/page"}],"author":[{"embeddable":true,"href":"https:\/\/mywaycentar.hr\/index.php\/wp-json\/wp\/v2\/users\/1"}],"replies":[{"embeddable":true,"href":"https:\/\/mywaycentar.hr\/index.php\/wp-json\/wp\/v2\/comments?post=23"}],"version-history":[{"count":4,"href":"https:\/\/mywaycentar.hr\/index.php\/wp-json\/wp\/v2\/pages\/23\/revisions"}],"predecessor-version":[{"id":67,"href":"https:\/\/mywaycentar.hr\/index.php\/wp-json\/wp\/v2\/pages\/23\/revisions\/67"}],"wp:attachment":[{"href":"https:\/\/mywaycentar.hr\/index.php\/wp-json\/wp\/v2\/media?parent=23"}],"curies":[{"name":"wp","href":"https:\/\/api.w.org\/{rel}","templated":true}]}}